{"id":49,"date":"2024-01-22T15:16:59","date_gmt":"2024-01-22T14:16:59","guid":{"rendered":"https:\/\/salinasdelmatorralgrancanaria.info\/?page_id=49"},"modified":"2026-02-21T15:15:22","modified_gmt":"2026-02-21T14:15:22","slug":"blog","status":"publish","type":"page","link":"https:\/\/salinasdelmatorralgrancanaria.info\/index.php\/blog\/","title":{"rendered":"Inicio"},"content":{"rendered":"\n<div class=\"alignnormal\"><div id=\"metaslider-id-64\" style=\"width: 100%;\" class=\"ml-slider-3-105-0 metaslider metaslider-flex metaslider-64 ml-slider ms-theme-default nav-hidden\" role=\"region\" aria-label=\"Nueva presentaci\u00f3n de diapositivas\" data-height=\"400\" data-width=\"850\">\n    <div id=\"metaslider_container_64\">\n        <div id=\"metaslider_64\">\n            <ul class='slides'>\n                <li style=\"display: block; width: 100%;\" class=\"slide-66 ms-image \" aria-roledescription=\"slide\" data-date=\"2024-01-26 15:19:40\" data-filename=\"IMG_6393-1-850x400.jpg\" data-slide-type=\"image\"><img loading=\"lazy\" decoding=\"async\" src=\"https:\/\/salinasdelmatorralgrancanaria.info\/wp-content\/uploads\/2024\/01\/IMG_6393-1-850x400.jpg\" height=\"400\" width=\"850\" alt=\"\" class=\"slider-64 slide-66 msDefaultImage\" title=\"IMG_6393\" \/><\/li>\n                <li style=\"display: none; width: 100%;\" class=\"slide-67 ms-image \" aria-roledescription=\"slide\" data-date=\"2024-01-26 15:20:03\" data-filename=\"IMG_5238-850x400.png\" data-slide-type=\"image\"><img loading=\"lazy\" decoding=\"async\" src=\"https:\/\/salinasdelmatorralgrancanaria.info\/wp-content\/uploads\/2024\/01\/IMG_5238-850x400.png\" height=\"400\" width=\"850\" alt=\"\" class=\"slider-64 slide-67 msDefaultImage\" title=\"IMG_5238\" \/><\/li>\n                <li style=\"display: none; width: 100%;\" class=\"slide-68 ms-image \" aria-roledescription=\"slide\" data-date=\"2024-01-26 15:20:12\" data-filename=\"IMG_7230-scaled-850x400.jpg\" data-slide-type=\"image\"><img loading=\"lazy\" decoding=\"async\" src=\"https:\/\/salinasdelmatorralgrancanaria.info\/wp-content\/uploads\/2024\/01\/IMG_7230-scaled-850x400.jpg\" height=\"400\" width=\"850\" alt=\"\" class=\"slider-64 slide-68 msDefaultImage\" title=\"IMG_7230\" \/><\/li>\n                <li style=\"display: none; width: 100%;\" class=\"slide-69 ms-image \" aria-roledescription=\"slide\" data-date=\"2024-01-26 15:20:19\" data-filename=\"IMG_8164-666x313.jpg\" data-slide-type=\"image\"><img loading=\"lazy\" decoding=\"async\" src=\"https:\/\/salinasdelmatorralgrancanaria.info\/wp-content\/uploads\/2024\/01\/IMG_8164-666x313.jpg\" height=\"400\" width=\"850\" alt=\"\" class=\"slider-64 slide-69 msDefaultImage\" title=\"IMG_8164\" \/><\/li>\n                <li style=\"display: none; width: 100%;\" class=\"slide-70 ms-image \" aria-roledescription=\"slide\" data-date=\"2024-01-26 15:20:28\" data-filename=\"IMG_8448-2-850x400.jpg\" data-slide-type=\"image\"><img loading=\"lazy\" decoding=\"async\" src=\"https:\/\/salinasdelmatorralgrancanaria.info\/wp-content\/uploads\/2024\/01\/IMG_8448-2-850x400.jpg\" height=\"400\" width=\"850\" alt=\"\" class=\"slider-64 slide-70 msDefaultImage\" title=\"IMG_8448\" \/><\/li>\n                <li style=\"display: none; width: 100%;\" class=\"slide-71 ms-image \" aria-roledescription=\"slide\" data-date=\"2024-01-26 15:20:34\" data-filename=\"IMG_8074-scaled-850x400.jpg\" data-slide-type=\"image\"><img loading=\"lazy\" decoding=\"async\" src=\"https:\/\/salinasdelmatorralgrancanaria.info\/wp-content\/uploads\/2024\/01\/IMG_8074-scaled-850x400.jpg\" height=\"400\" width=\"850\" alt=\"\" class=\"slider-64 slide-71 msDefaultImage\" title=\"IMG_8074\" \/><\/li>\n                <li style=\"display: none; width: 100%;\" class=\"slide-72 ms-image \" aria-roledescription=\"slide\" data-date=\"2024-01-26 15:20:41\" data-filename=\"8c684380-188c-407b-b5db-939212073a69-1-850x400.jpg\" data-slide-type=\"image\"><img loading=\"lazy\" decoding=\"async\" src=\"https:\/\/salinasdelmatorralgrancanaria.info\/wp-content\/uploads\/2024\/01\/8c684380-188c-407b-b5db-939212073a69-1-850x400.jpg\" height=\"400\" width=\"850\" alt=\"\" class=\"slider-64 slide-72 msDefaultImage\" title=\"8c684380-188c-407b-b5db-939212073a69\" \/><\/li>\n                <li style=\"display: none; width: 100%;\" class=\"slide-110 ms-image \" aria-roledescription=\"slide\" data-date=\"2024-01-31 15:30:54\" data-filename=\"IMG_8747-scaled-850x400.jpeg\" data-slide-type=\"image\"><img loading=\"lazy\" decoding=\"async\" src=\"https:\/\/salinasdelmatorralgrancanaria.info\/wp-content\/uploads\/2024\/01\/IMG_8747-scaled-850x400.jpeg\" height=\"400\" width=\"850\" alt=\"\" class=\"slider-64 slide-110 msDefaultImage\" title=\"IMG_8747\" \/><\/li>\n                <li style=\"display: none; width: 100%;\" class=\"slide-111 ms-image \" aria-roledescription=\"slide\" data-date=\"2024-01-31 15:31:06\" data-filename=\"IMG_8751-scaled-850x400.jpeg\" data-slide-type=\"image\"><img loading=\"lazy\" decoding=\"async\" src=\"https:\/\/salinasdelmatorralgrancanaria.info\/wp-content\/uploads\/2024\/01\/IMG_8751-scaled-850x400.jpeg\" height=\"400\" width=\"850\" alt=\"\" class=\"slider-64 slide-111 msDefaultImage\" title=\"IMG_8751\" \/><\/li>\n                <li style=\"display: none; width: 100%;\" class=\"slide-124 ms-image \" aria-roledescription=\"slide\" data-date=\"2024-02-03 15:11:44\" data-filename=\"IMG_3454-850x400.jpg\" data-slide-type=\"image\"><img loading=\"lazy\" decoding=\"async\" src=\"https:\/\/salinasdelmatorralgrancanaria.info\/wp-content\/uploads\/2024\/02\/IMG_3454-850x400.jpg\" height=\"400\" width=\"850\" alt=\"\" class=\"slider-64 slide-124 msDefaultImage\" title=\"IMG_3454\" \/><\/li>\n                <li style=\"display: none; width: 100%;\" class=\"slide-125 ms-image \" aria-roledescription=\"slide\" data-date=\"2024-02-03 15:11:51\" data-filename=\"IMG_9891-850x400.jpg\" data-slide-type=\"image\"><img loading=\"lazy\" decoding=\"async\" src=\"https:\/\/salinasdelmatorralgrancanaria.info\/wp-content\/uploads\/2024\/02\/IMG_9891-850x400.jpg\" height=\"400\" width=\"850\" alt=\"\" class=\"slider-64 slide-125 msDefaultImage\" title=\"IMG_9891\" \/><\/li>\n                <li style=\"display: none; width: 100%;\" class=\"slide-126 ms-image \" aria-roledescription=\"slide\" data-date=\"2024-02-03 15:12:01\" data-filename=\"IMG_9954-850x400.jpg\" data-slide-type=\"image\"><img loading=\"lazy\" decoding=\"async\" src=\"https:\/\/salinasdelmatorralgrancanaria.info\/wp-content\/uploads\/2024\/02\/IMG_9954-850x400.jpg\" height=\"400\" width=\"850\" alt=\"\" class=\"slider-64 slide-126 msDefaultImage\" title=\"IMG_9954\" \/><\/li>\n                <li style=\"display: none; width: 100%;\" class=\"slide-127 ms-image \" aria-roledescription=\"slide\" data-date=\"2024-02-03 15:12:10\" data-filename=\"IMG_8531-640x301.png\" data-slide-type=\"image\"><img loading=\"lazy\" decoding=\"async\" src=\"https:\/\/salinasdelmatorralgrancanaria.info\/wp-content\/uploads\/2024\/02\/IMG_8531-640x301.png\" height=\"400\" width=\"850\" alt=\"\" class=\"slider-64 slide-127 msDefaultImage\" title=\"IMG_8531\" \/><\/li>\n                <li style=\"display: none; width: 100%;\" class=\"slide-128 ms-image \" aria-roledescription=\"slide\" data-date=\"2024-02-03 15:12:17\" data-filename=\"IMG_9886-850x400.jpg\" data-slide-type=\"image\"><img loading=\"lazy\" decoding=\"async\" src=\"https:\/\/salinasdelmatorralgrancanaria.info\/wp-content\/uploads\/2024\/02\/IMG_9886-850x400.jpg\" height=\"400\" width=\"850\" alt=\"\" class=\"slider-64 slide-128 msDefaultImage\" title=\"IMG_9886\" \/><\/li>\n                <li style=\"display: none; width: 100%;\" class=\"slide-129 ms-image \" aria-roledescription=\"slide\" data-date=\"2024-02-03 15:12:24\" data-filename=\"9289BF5F-9327-4E13-95BF-611F8C7952BE-850x400.jpg\" data-slide-type=\"image\"><img loading=\"lazy\" decoding=\"async\" src=\"https:\/\/salinasdelmatorralgrancanaria.info\/wp-content\/uploads\/2024\/02\/9289BF5F-9327-4E13-95BF-611F8C7952BE-850x400.jpg\" height=\"400\" width=\"850\" alt=\"\" class=\"slider-64 slide-129 msDefaultImage\" title=\"9289BF5F-9327-4E13-95BF-611F8C7952BE\" \/><\/li>\n                <li style=\"display: none; width: 100%;\" class=\"slide-130 ms-image \" aria-roledescription=\"slide\" data-date=\"2024-02-03 15:12:35\" data-filename=\"315A1DC0-6ACF-489E-9A35-55692E4C478F-850x400.jpg\" data-slide-type=\"image\"><img loading=\"lazy\" decoding=\"async\" src=\"https:\/\/salinasdelmatorralgrancanaria.info\/wp-content\/uploads\/2024\/02\/315A1DC0-6ACF-489E-9A35-55692E4C478F-850x400.jpg\" height=\"400\" width=\"850\" alt=\"\" class=\"slider-64 slide-130 msDefaultImage\" title=\"315A1DC0-6ACF-489E-9A35-55692E4C478F\" \/><\/li>\n                <li style=\"display: none; width: 100%;\" class=\"slide-278 ms-image \" aria-roledescription=\"slide\" data-date=\"2026-02-23 11:48:33\" data-filename=\"IMG_6439-850x400.jpg\" data-slide-type=\"image\"><img loading=\"lazy\" decoding=\"async\" src=\"https:\/\/salinasdelmatorralgrancanaria.info\/wp-content\/uploads\/2026\/02\/IMG_6439-850x400.jpg\" height=\"400\" width=\"850\" alt=\"\" class=\"slider-64 slide-278 msDefaultImage\" title=\"IMG_6439\" \/><\/li>\n                <li style=\"display: none; width: 100%;\" class=\"slide-279 ms-image \" aria-roledescription=\"slide\" data-date=\"2026-02-23 11:49:09\" data-filename=\"IMG_6441-850x400.jpg\" data-slide-type=\"image\"><img loading=\"lazy\" decoding=\"async\" src=\"https:\/\/salinasdelmatorralgrancanaria.info\/wp-content\/uploads\/2026\/02\/IMG_6441-850x400.jpg\" height=\"400\" width=\"850\" alt=\"\" class=\"slider-64 slide-279 msDefaultImage\" title=\"IMG_6441\" \/><\/li>\n                <li style=\"display: none; width: 100%;\" class=\"slide-282 ms-image \" aria-roledescription=\"slide\" data-date=\"2026-02-24 14:32:24\" data-filename=\"dcb6a4cf-ec83-4be6-9f40-ea0b745a8b6a-640x301.jpg\" data-slide-type=\"image\"><img loading=\"lazy\" decoding=\"async\" src=\"https:\/\/salinasdelmatorralgrancanaria.info\/wp-content\/uploads\/2026\/02\/dcb6a4cf-ec83-4be6-9f40-ea0b745a8b6a-640x301.jpg\" height=\"400\" width=\"850\" alt=\"\" class=\"slider-64 slide-282 msDefaultImage\" title=\"dcb6a4cf-ec83-4be6-9f40-ea0b745a8b6a\" \/><\/li>\n            <\/ul>\n        <\/div>\n        \n    <\/div>\n<\/div><\/div>\n\n\n\n<figure class=\"wp-block-image size-full is-resized\"><img loading=\"lazy\" decoding=\"async\" width=\"388\" height=\"192\" src=\"http:\/\/salinasdelmatorralgrancanaria.info\/wp-content\/uploads\/2024\/01\/image.png\" alt=\"\" class=\"wp-image-51\" style=\"width:619px;height:auto\" srcset=\"https:\/\/salinasdelmatorralgrancanaria.info\/wp-content\/uploads\/2024\/01\/image.png 388w, https:\/\/salinasdelmatorralgrancanaria.info\/wp-content\/uploads\/2024\/01\/image-300x148.png 300w, https:\/\/salinasdelmatorralgrancanaria.info\/wp-content\/uploads\/2024\/01\/image-250x124.png 250w\" sizes=\"(max-width: 388px) 100vw, 388px\" \/><\/figure>\n\n\n\n<div class=\"wp-block-media-text alignwide has-media-on-the-right is-stacked-on-mobile is-vertically-aligned-bottom\"><div class=\"wp-block-media-text__content\">\n<p>\u00a8Los Cruces\u201d o \u00a8Los Cruz Cruz\u201d: la primera rondalla del Sur<\/p>\n\n\n\n<p>San Bartolom\u00e9 de Tirajana<\/p>\n\n\n\n<p>Art\u00edculo de Sigfrido Mu\u00f1oz (La Provincia)<\/p>\n\n\n\n<p>Conocidos como \u00a8Los Cruces\u00a8, esta familia de Carrizal de Ingenio, se instal\u00f3 en el a\u00f1o 1939 en el Matorral (Salinas del Matorral), en San Bartolom\u00e9 de Tirajana, donde hab\u00edan adquirido unas salinas en las que trabajaron Sebasti\u00e1n Cruz Viera y sus ocho hijos durante 23 a\u00f1os. De aqu\u00ed sali\u00f3 la primera rondalla a decir de los vecinos del municipio que la conocieron y que la compon\u00edan los ocho hermanos Cruz de Carrizal.<\/p>\n\n\n\n<p>La rondalla de los Hermanos Cruz se fund\u00f3 en el a\u00f1o 1950 y se disolvi\u00f3 en 1978, tras 28 a\u00f1os de andadura.<\/p>\n\n\n\n<p>El hermano mayor de los Cruz, Chano, se\u00f1ala qu\u00e9, efectivamente, fue en el a\u00f1o 50 cuando nos organizamos; mi hermano Pedro se encargaba de cuidar las cabras y una se\u00f1ora del Castillo llamada Josefa Garc\u00eda, para que tambi\u00e9n cuidara de las suyas, le compr\u00f3 una guitarra para que se distrajera; Pedro se las apa\u00f1\u00f3 para a las pocas semanas saberla tocar, luego pidi\u00f3 se le comprase un laud y mi padre as\u00ed lo hizo; al poco tiempo ya la dominaba; finalmente fue un viol\u00edn (con el que sale en la foto); sin maestro, sin nadie que le ense\u00f1ase, se encerr\u00f3 una ma\u00f1ana en la casa solito y por latardeya toc\u00f3 una canci\u00f3n enterita; mientras los dem\u00e1s hermanos a \u00a8cero\u00a8.<\/p>\n\n\n\n<p>Y del aburrimiento tras las jornadas de trabajo, naci\u00f3 la rondalla. Exacto\u00a8, prosigue Chano Cruz Cruz, est\u00e1bamos rodeados tan solo de sal hasta el Castillo y de algunas casas de Manuel M\u00e9ndez; as\u00ed que al terminar por las tardes nuestro trabajo nos reun\u00edamos y as\u00ed comenzamos. Compramos poco a poco la bater\u00eda, el pandero y ensay\u00e1bamos bajo la direcci\u00f3n de nuestro hermano Pedro que fue el cerebro y fundador.<\/p>\n\n\n\n<p>Nos hicimos conocer y no paramos de recorrer la mayor\u00eda de los pueblos de la isla: Telde, Ingenio, Carrizal; en estos \u00faltimos nos contrataban todos los a\u00f1os por sus fiestas y por ser nuestra cuna, algunas veces actu\u00e1bamos gratis. Una de las veces que fuimos a Teror con la carroza del Ayuntamiento de San Bartolom\u00e9 de Tirajana, el obispo Pildain nos felicit\u00f3 a cada uno de nosotros.<\/p>\n\n\n\n<p>Sin pedanter\u00eda y modestia aparte, fuimos los mejores del Sur y la primera rondalla que se organiz\u00f3; la orquesta \u00a8Los Falcones\u00a8de Telde y \u00a8Los Mej\u00edas\u00a8 de Las Palmas eran magn\u00edficas, pero eran orquestas.<\/p>\n\n\n\n<p>En el a\u00f1o 1978 finalizan las actividades de la rondalla. Mi madre, dice Chano, era el \u201cel alma\u201d de la rondalla; donde quiera que \u00edbamos nos acompa\u00f1aba, jam\u00e1s dej\u00f3 de hacerlo; nos ayudaba, nos animaba a seguir. Sentarse para ver y oir cantar y tocar a sus hijos, era su mayor pasi\u00f3n; pero un d\u00eda se nos fue; un infarto se la llev\u00f3 para siempre. Tras el entierro nos reunimos los hermanos y decidimos dejar de actuar; tomamos cada uno su instrumento y los vendimos. Con ese dinero le compramos una l\u00e1pida para su tumba; con la muerte de nuestra madre muri\u00f3 nuestra rondalla, dice entristecido Chano Cruz.<\/p>\n\n\n\n<p>Finalizada la misa de funeral, los hermanos entonaron la \u201cSalve\u201d, esta oraci\u00f3n dedicada a su madre, puso punto final a 28 a\u00f1os de feliz andadura de la todav\u00eda recordada \u201cRondalla de los Hermanos Cruz\u201d, de Carrizal.<\/p>\n<\/div><figure class=\"wp-block-media-text__media\"><img loading=\"lazy\" decoding=\"async\" width=\"640\" height=\"341\" src=\"http:\/\/salinasdelmatorralgrancanaria.info\/wp-content\/uploads\/2026\/02\/IMG_8144.jpg\" alt=\"\" class=\"wp-image-274 size-full\" srcset=\"https:\/\/salinasdelmatorralgrancanaria.info\/wp-content\/uploads\/2026\/02\/IMG_8144.jpg 640w, https:\/\/salinasdelmatorralgrancanaria.info\/wp-content\/uploads\/2026\/02\/IMG_8144-300x160.jpg 300w, https:\/\/salinasdelmatorralgrancanaria.info\/wp-content\/uploads\/2026\/02\/IMG_8144-600x320.jpg 600w\" sizes=\"(max-width: 640px) 100vw, 640px\" \/><\/figure><\/div>\n","protected":false},"excerpt":{"rendered":"<p>\u00a8Los Cruces\u201d o \u00a8Los Cruz Cruz\u201d: la primera rondalla del Sur San Bartolom\u00e9 de Tirajana Art\u00edculo de Sigfrido Mu\u00f1oz (La Provincia) Conocidos como \u00a8Los Cruces\u00a8, esta familia de Carrizal de Ingenio, se instal\u00f3 en el a\u00f1o 1939 en el Matorral (Salinas del Matorral), en San Bartolom\u00e9 de Tirajana, donde hab\u00edan adquirido unas salinas en las [&hellip;]<\/p>\n","protected":false},"author":1,"featured_media":0,"parent":0,"menu_order":0,"comment_status":"closed","ping_status":"closed","template":"","meta":{"om_disable_all_campaigns":false,"_monsterinsights_skip_tracking":false,"_monsterinsights_sitenote_active":false,"_monsterinsights_sitenote_note":"","_monsterinsights_sitenote_category":0,"footnotes":""},"aioseo_notices":[],"_links":{"self":[{"href":"https:\/\/salinasdelmatorralgrancanaria.info\/index.php\/wp-json\/wp\/v2\/pages\/49"}],"collection":[{"href":"https:\/\/salinasdelmatorralgrancanaria.info\/index.php\/wp-json\/wp\/v2\/pages"}],"about":[{"href":"https:\/\/salinasdelmatorralgrancanaria.info\/index.php\/wp-json\/wp\/v2\/types\/page"}],"author":[{"embeddable":true,"href":"https:\/\/salinasdelmatorralgrancanaria.info\/index.php\/wp-json\/wp\/v2\/users\/1"}],"replies":[{"embeddable":true,"href":"https:\/\/salinasdelmatorralgrancanaria.info\/index.php\/wp-json\/wp\/v2\/comments?post=49"}],"version-history":[{"count":6,"href":"https:\/\/salinasdelmatorralgrancanaria.info\/index.php\/wp-json\/wp\/v2\/pages\/49\/revisions"}],"predecessor-version":[{"id":275,"href":"https:\/\/salinasdelmatorralgrancanaria.info\/index.php\/wp-json\/wp\/v2\/pages\/49\/revisions\/275"}],"wp:attachment":[{"href":"https:\/\/salinasdelmatorralgrancanaria.info\/index.php\/wp-json\/wp\/v2\/media?parent=49"}],"curies":[{"name":"wp","href":"https:\/\/api.w.org\/{rel}","templated":true}]}}